{"id":131,"date":"2015-07-10T19:42:14","date_gmt":"2015-07-10T16:42:14","guid":{"rendered":"http:\/\/dacica.ro\/aurora\/?page_id=131"},"modified":"2021-04-14T22:42:51","modified_gmt":"2021-04-14T19:42:51","slug":"despre-blog","status":"publish","type":"page","link":"http:\/\/dacica.ro\/aurora\/despre-blog\/","title":{"rendered":"Despre blog"},"content":{"rendered":"<p style=\"text-align: justify;\">Acest blog reprezint\u0103 o extensie a\u00a0proiectului <strong><a href=\"http:\/\/dacica.ro\/\" target=\"_blank\" rel=\"noopener\">DACICA<\/a>, <\/strong>prin intermediul c\u0103ruia\u00a0doresc s\u0103 \u00eemp\u0103rt\u0103\u0219esc cititorilor unele dintre preocup\u0103rile mele legate de epoca dacic\u0103 \u0219i de lumea antic\u0103 \u00een general, din mai multe unghiuri: cercetare \u0219tiin\u021bific\u0103, turism cultural, protec\u021bia \u0219i promovarea patrimoniului, legisla\u021bie, implicare civic\u0103, activit\u0103\u021bi editoriale &#8211; adic\u0103 domeniile pe care le acoper\u0103 proiectul DACICA.<\/p>\n<p>V\u0103 mul\u021bumesc pentru vizit\u0103, pentru opinii \u0219i pentru distribuirea materialelor de pe acest blog!<\/p>\n<p>__________________________________________________________________________<\/p>\n<p style=\"text-align: center;\"><strong>COPYRIGHT<\/strong><\/p>\n<p style=\"text-align: justify;\">Le mul\u021bumesc tuturor celor care distribuie post\u0103rile mele. Cei care preiau materiale de pe acest site \u0219i le public\u0103 \u00een alt\u0103 parte sunt ruga\u021bi s\u0103 o fac\u0103 numai cu acordul meu prealabil, pe care \u00eel pot\u00a0ob\u021bine scriindu-mi la \/aurora.petan(at)dacica.ro\/. Cei care nu respect\u0103 aceast\u0103 regul\u0103, vor intra sub inciden\u021ba legii drepturilor de autor. V\u0103 mul\u021bumesc pentru respectul acordat muncii mele.<\/p>\n","protected":false},"excerpt":{"rendered":"<p>Acest blog reprezint\u0103 o extensie a\u00a0proiectului DACICA, prin intermediul c\u0103ruia\u00a0doresc s\u0103 \u00eemp\u0103rt\u0103\u0219esc cititorilor unele dintre preocup\u0103rile mele legate de epoca dacic\u0103 \u0219i de lumea antic\u0103 \u00een general, din mai multe unghiuri: cercetare \u0219tiin\u021bific\u0103, turism cultural, protec\u021bia \u0219i promovarea patrimoniului, legisla\u021bie, implicare civic\u0103, activit\u0103\u021bi editoriale &#8211; adic\u0103 domeniile pe care le acoper\u0103 proiectul DACICA. V\u0103 mul\u021bumesc&#8230;<\/p>\n<div class=\"btnReadMore\"><a href=\"http:\/\/dacica.ro\/aurora\/despre-blog\/\">Read More <i class=\"fa fa-chevron-right i-spcr-l\"><\/i><\/a><\/div>\n","protected":false},"author":1,"featured_media":0,"parent":0,"menu_order":1,"comment_status":"closed","ping_status":"closed","template":"","meta":{"_mi_skip_tracking":false},"_links":{"self":[{"href":"http:\/\/dacica.ro\/aurora\/wp-json\/wp\/v2\/pages\/131"}],"collection":[{"href":"http:\/\/dacica.ro\/aurora\/wp-json\/wp\/v2\/pages"}],"about":[{"href":"http:\/\/dacica.ro\/aurora\/wp-json\/wp\/v2\/types\/page"}],"author":[{"embeddable":true,"href":"http:\/\/dacica.ro\/aurora\/wp-json\/wp\/v2\/users\/1"}],"replies":[{"embeddable":true,"href":"http:\/\/dacica.ro\/aurora\/wp-json\/wp\/v2\/comments?post=131"}],"version-history":[{"count":88,"href":"http:\/\/dacica.ro\/aurora\/wp-json\/wp\/v2\/pages\/131\/revisions"}],"predecessor-version":[{"id":4237,"href":"http:\/\/dacica.ro\/aurora\/wp-json\/wp\/v2\/pages\/131\/revisions\/4237"}],"wp:attachment":[{"href":"http:\/\/dacica.ro\/aurora\/wp-json\/wp\/v2\/media?parent=131"}],"curies":[{"name":"wp","href":"https:\/\/api.w.org\/{rel}","templated":true}]}}